{"id":939,"date":"2022-01-07T17:52:10","date_gmt":"2022-01-07T20:52:10","guid":{"rendered":"https:\/\/www.ultralarnet.com.br\/?page_id=939"},"modified":"2022-06-03T08:16:43","modified_gmt":"2022-06-03T11:16:43","slug":"politica-de-privacidade","status":"publish","type":"page","link":"https:\/\/ultralarnet.com.br\/?page_id=939","title":{"rendered":"Pol\u00edtica de privacidade"},"content":{"rendered":"\t\t<div data-elementor-type=\"wp-page\" data-elementor-id=\"939\" class=\"elementor elementor-939\" data-elementor-post-type=\"page\">\n\t\t\t\t\t\t<section class=\"elementor-section elementor-top-section elementor-element elementor-element-2c4a37e2 elementor-section-boxed elementor-section-height-default elementor-section-height-default\" data-id=\"2c4a37e2\" data-element_type=\"section\" data-e-type=\"section\" data-settings=\"{&quot;background_background&quot;:&quot;classic&quot;}\">\n\t\t\t\t\t\t\t<div class=\"elementor-background-overlay\"><\/div>\n\t\t\t\t\t\t\t<div class=\"elementor-container elementor-column-gap-default\">\n\t\t\t\t\t<div class=\"elementor-column elementor-col-100 elementor-top-column elementor-element elementor-element-3d58d68e\" data-id=\"3d58d68e\" data-element_type=\"column\" data-e-type=\"column\">\n\t\t\t<div class=\"elementor-widget-wrap elementor-element-populated\">\n\t\t\t\t\t\t<div class=\"elementor-element elementor-element-1cf44855 elementor-widget elementor-widget-text-editor\" data-id=\"1cf44855\" data-element_type=\"widget\" data-e-type=\"widget\" data-widget_type=\"text-editor.default\">\n\t\t\t\t<div class=\"elementor-widget-container\">\n\t\t\t\t\t\t\t\t\t<p><\/p>\n<h2 class=\"wp-block-heading\" style=\"text-align: center;\">TERMOS E POL\u00cdTICA DE PRIVACIDADE E CONSENTIMENTO DE ACORDO COM A LEI GERAL DE PROTE\u00c7\u00c3O DE DADOS<\/h2>\n<p>\u00a0<\/p>\n<p>Ao realizar uma compra ou contratar um servi\u00e7o na Loja Ultralar, voc\u00ea nos fornece alguns dados pessoais com o objetivo de viabilizar a sua opera\u00e7\u00e3o.<\/p>\n<p>Prezamos pela seguran\u00e7a dos seus dados, pelo respeito a sua privacidade e pela transpar\u00eancia, e por isso, dedicamos este documento para explicar como os seus dados pessoais ser\u00e3o tratados e como os deixamos ele em seguran\u00e7a.<\/p>\n<p>Ao utilizar nossos produtos e\/ou servi\u00e7os, voc\u00ea declara o seu EXPRESSO CONSENTIMENTO para coletarmos, tratarmos e armazenarmos dados sobre voc\u00ea quando julgarmos necess\u00e1rios \u00e0 presta\u00e7\u00e3o de nossos servi\u00e7os.<\/p>\n<p>A Ultralar Com\u00e9rcio de M\u00f3veis LTDA, inscrito no CNPJ 34.888.545\/0001-06, com sede na Rua Bar\u00e3o do Rio Branco, N\u00ba1505, Centro, e segundo a defini\u00e7\u00e3o trazida pela Lei Geral de Prote\u00e7\u00e3o de Dados \u201cLGPD\u201d (Lei Federal n\u00ba 13.709.2018), na maior parte do tempo seremos o controlador das suas informa\u00e7\u00f5es, sendo assim, respons\u00e1vel por definir o que acontece com estes dados e os deix\u00e1-los seguros. Para facilitar a compreens\u00e3o desta pol\u00edtica, todas as vezes que encontrar os termos \u201cUltralar\u201d, \u201cn\u00f3s\u201d ou \u201cnossos\u201d, estamos nos referindo ao controlador dos seus dados pessoais, ou seja, a empresa Ultralar Com\u00e9rcio de M\u00f3veis LTDA, todas as vezes que ler \u201cusu\u00e1rio\u201d, \u201cvoc\u00ea\u201d, \u201cseu\u201d ou \u201csua\u201d, nos referimos a voc\u00ea, nosso cliente ou usu\u00e1rio das nossas plataformas.<\/p>\n<p>\u00a0<\/p>\n<h2 style=\"text-align: center;\"><strong>QUAIS DADOS PODER\u00c3O SER COLETADOS<\/strong><\/h2>\n<p>\u00a0<\/p>\n<p>Durante sua experi\u00eancia em uma de nossas lojas, podemos coletar diferentes tipos de dados pessoais, de forma autom\u00e1tica com o objetivo de confer\u00eancia, monitoramento e controle, ou fornecidas diretamente por voc\u00ea, como por exemplo para a realiza\u00e7\u00e3o de seu cadastro. Veja abaixo quais dados pessoais n\u00f3s podemos coletar e em cada situa\u00e7\u00e3o:<\/p>\n<p>\u00a0<\/p>\n<p style=\"padding-left: 40px;\">Durante o cadastro:<\/p>\n<ul>\n<li>\u00a0 \u00a0Nome completo;<\/li>\n<li>\u00a0 \u00a0Foto;<\/li>\n<li>\u00a0 \u00a0N\u00famero de CPF;<\/li>\n<li>\u00a0 \u00a0Endere\u00e7o de e-mail;<\/li>\n<li>\u00a0 \u00a0N\u00famero de telefone fixo ou celular;<\/li>\n<li>\u00a0 \u00a0Data de nascimento;<\/li>\n<li>\u00a0 \u00a0Dados referentes aos seus endere\u00e7os.<\/li>\n<\/ul>\n<p style=\"padding-left: 40px;\">Durante o preenchimento do local de entrega e forma de pagamento:<\/p>\n<ul>\n<li>\u00a0 \u00a0Endere\u00e7o de cobran\u00e7a;<\/li>\n<li>\u00a0 \u00a0Endere\u00e7o de entrega;<\/li>\n<li>\u00a0 \u00a0Dados do cart\u00e3o de cr\u00e9dito, quando escolhido como forma de pagamento.<\/li>\n<\/ul>\n<p>Durante a an\u00e1lise e o monitoramento de suas compras ou outras transa\u00e7\u00f5es financeiras:<\/p>\n<ul>\n<li>\u00a0 \u00a0Dados cadastrais;<\/li>\n<li>\u00a0 \u00a0Tipo de produto;<\/li>\n<li>\u00a0 \u00a0Quantidade;<\/li>\n<li>\u00a0 \u00a0Valor da mercadoria (unit\u00e1rio);<\/li>\n<li>\u00a0 \u00a0Valor total da compra ou transa\u00e7\u00e3o;<\/li>\n<li>\u00a0 \u00a0Natureza da transa\u00e7\u00e3o financeira;<\/li>\n<li>\u00a0 \u00a0Informa\u00e7\u00f5es da conta banc\u00e1ria e outros meios utilizados.<\/li>\n<li>\u00a0 \u00a0Filia\u00e7\u00e3o.<\/li>\n<li>\u00a0 \u00a0Informa\u00e7\u00f5es de renda<\/li>\n<li>\u00a0 \u00a0Informa\u00e7\u00f5es sobre voc\u00ea que se tornaram p\u00fablicas por voc\u00ea ou que estejam dispon\u00edveis publicamente;<\/li>\n<li>\u00a0 Informa\u00e7\u00f5es que coletamos de terceiros como, por exemplo, complementos dos seus dados cadastrais (nome, filia\u00e7\u00e3o, data de nascimento, CPF, n\u00famero de telefone, endere\u00e7o, entre outros), score gerado por ag\u00eancias de cr\u00e9dito, se voc\u00ea faz parte de alguma lista de Pessoa Exposta Politicamente (PEP) ou de alguma lista de alerta (como, OFAC, CSNU e outras listas internacionais), entre outras.<\/li>\n<li>\u00a0 \u00a0Informa\u00e7\u00f5es que recebemos de parceiros para entrega de produtos adquiridos nas plataformas parceiras da Ultralar como, por exemplo, resgate de produtos em programas de fidelidade ou qualquer outra plataforma em que a Ultralar possa ofertar seu cat\u00e1logo de produtos e servi\u00e7os.<\/li>\n<li>\u00a0 Informa\u00e7\u00f5es fornecidas por voc\u00ea, voluntariamente, como por meio de comunica\u00e7\u00f5es com a Ultralar em redes sociais ou em coment\u00e1rios e avalia\u00e7\u00f5es de produtos.<\/li>\n<li>\u00a0C\u00f3pias de documentos enviados por voc\u00ea como comprovante de resid\u00eancia, dados banc\u00e1rios ou c\u00f3pia de um documento de identidade, geralmente utilizados para comprova\u00e7\u00e3o de seu cadastro ou valida\u00e7\u00e3o de sua identidade.<\/li>\n<\/ul>\n<h2 style=\"text-align: center;\">COMO UTILIZAMOS SEUS DADOS<\/h2>\n<p>\u00a0<\/p>\n<ul>\n<li>N\u00f3s utilizamos os dados pessoais para garantir um atendimento de qualidade e uma melhor experi\u00eancia na sua compra. Listamos abaixo as finalidades que poderemos utilizar seus dados pessoais:<\/li>\n<li>\u00a0<\/li>\n<li>\u00a0 \u00a0Para viabilizar a presta\u00e7\u00e3o de opera\u00e7\u00f5es e servi\u00e7os.<\/li>\n<li>\u00a0 \u00a0Para realizar o atendimento de solicita\u00e7\u00f5es e d\u00favidas em nosso atendimento p\u00f3s-venda.<\/li>\n<li>\u00a0 \u00a0Para identificar corretamente o usu\u00e1rio.<\/li>\n<li>\u00a0 \u00a0Para enviar os produtos adquiridos ou comunica\u00e7\u00f5es de ofertas.<\/li>\n<li>\u00a0 \u00a0Para entrar em contato com voc\u00ea, quando necess\u00e1rio. Esse contato pode contemplar diversos assuntos, como comunica\u00e7\u00e3o sobre promo\u00e7\u00f5es e ofertas, respostas a d\u00favidas, respostas de reclama\u00e7\u00f5es e solicita\u00e7\u00f5es, atualiza\u00e7\u00f5es dos pedidos realizados e informa\u00e7\u00f5es de entrega.<\/li>\n<li>\u00a0 \u00a0Para auxiliar no diagn\u00f3stico e solu\u00e7\u00e3o de problemas t\u00e9cnicos.<\/li>\n<li>\u00a0 \u00a0Para desenvolver novas funcionalidades e melhorias, melhorando a sua experi\u00eancia com os nossos servi\u00e7os dispon\u00edveis.<\/li>\n<li>\u00a0 \u00a0Para consultar suas informa\u00e7\u00f5es nas bases de dados de ag\u00eancias de cr\u00e9dito.<\/li>\n<li>\u00a0 \u00a0Para realizar investiga\u00e7\u00f5es e medidas de preven\u00e7\u00e3o e combate a il\u00edcitos, fraudes, crimes financeiros e crimes de lavagem de dinheiro e\/ou de financiamento ao terrorismo.<\/li>\n<li>\u00a0 \u00a0Para garantir o cumprimento de obriga\u00e7\u00e3o legal ou regulat\u00f3ria ou garantir o exerc\u00edcio regular de direitos da Ultralar. Nesses casos, podemos, inclusive, utilizar e apresentar as informa\u00e7\u00f5es em processos judiciais e administrativos, se necess\u00e1rio.<\/li>\n<li>\u00a0 \u00a0Para colaborar com o cumprimento de ordem judicial, de autoridade competente ou de \u00f3rg\u00e3o fiscalizador.<\/li>\n<\/ul>\n<h2 style=\"text-align: center;\"><strong>COMPARTILHAMENTO DE INFORMA\u00c7\u00d5ES<\/strong><\/h2>\n<p>\u00a0<\/p>\n<p>Para a execu\u00e7\u00e3o das atividades acima listadas, sempre que necess\u00e1rio, n\u00f3s poderemos compartilhar os seus dados pessoais com outras empresas do grupo, com prestadores de servi\u00e7o, parceiros ou com \u00f3rg\u00e3os reguladores. Jamais comercializamos dados pessoais. Apresentamos a seguir um resumo destas possibilidades:<\/p>\n<p>Prestadores de servi\u00e7o: para que possamos disponibilizar nossos produtos e prestar os nossos servi\u00e7os com qualidade, contamos com a colabora\u00e7\u00e3o de prestadores de servi\u00e7o, que tratam os dados pessoais coletados em nosso nome e de acordo com nossas instru\u00e7\u00f5es. Esses prestadores de servi\u00e7o atuam principalmente para nos auxiliar nas an\u00e1lise antifraude, intermedia\u00e7\u00e3o de pagamentos, gest\u00e3o de campanhas de marketing, enriquecimento de base de dados e armazenamento em nuvem, bem como para consecu\u00e7\u00e3o dos servi\u00e7os contratados, tais como contabilidade, tecnologia da informa\u00e7\u00e3o, fornecedores, quando necess\u00e1rio, dentre outros.<\/p>\n<p>Autoridades judiciais, policiais ou governamentais: n\u00f3s devemos fornecer dados pessoais de Clientes e\/ou Usu\u00e1rios, em atendimento \u00e0 ordem judicial, solicita\u00e7\u00f5es de autoridades administrativas, obriga\u00e7\u00e3o legal ou regulat\u00f3ria, bem como para agir de forma colaborativa com autoridades governamentais, em geral em investiga\u00e7\u00f5es envolvendo atos il\u00edcitos.<\/p>\n<p>Potenciais compradores: podemos compartilhar seus dados pessoais com outras empresas as quais a Ultralar conclua uma negocia\u00e7\u00e3o de venda ou transfer\u00eancia de parte ou da totalidade da atividade comercial, neg\u00f3cio ou operacional. Caso a venda ou transfer\u00eancia n\u00e3o sejam consumadas, solicitaremos ao potencial comprador que n\u00e3o fa\u00e7a uso e n\u00e3o divulgue seus dados pessoais de qualquer maneira ou forma, apagando-os por completo.<\/p>\n<p>\u00a0<\/p>\n<h2 style=\"text-align: center;\"><strong>ARMAZENAMENTO E SEGURAN\u00c7A DE DADOS<\/strong><\/h2>\n<p>\u00a0<\/p>\n<p>N\u00f3s armazenamos seus dados de forma segura, em nossos servidores, localizados em data centers no exterior. S\u00e3o adotadas todas as medidas legais aplic\u00e1veis, em conformidade com a Lei Geral de Prote\u00e7\u00e3o de Dados e suas futuras regulamenta\u00e7\u00f5es, garantindo a prote\u00e7\u00e3o e privacidade dos seus dados pessoais.<\/p>\n<p>N\u00f3s adotamos as melhores t\u00e9cnicas para proteger os dados pessoais coletados de acessos n\u00e3o autorizados, destrui\u00e7\u00e3o, perda, altera\u00e7\u00e3o, comunica\u00e7\u00e3o ou qualquer forma de tratamento inadequado ou il\u00edcito, inclusive mecanismos de criptografia. Contudo, ressaltamos, que nenhuma plataforma \u00e9 completamente segura. Se voc\u00ea tiver qualquer preocupa\u00e7\u00e3o ou suspeita de que os seus dados estejam em risco, por favor, entre em contato conosco por meio dos nossos canais de atendimento que ficaremos felizes em te auxiliar prontamente. Nesse sentido, n\u00e3o nos responsabilizamos pela inser\u00e7\u00e3o de dados falsos ou inverdades das informa\u00e7\u00f5es pelos usu\u00e1rios ou conduta maliciosa de terceiros, como hackers, exceto comprovada conduta culposa da Ultralar. Quaisquer consequ\u00eancias decorrentes de informa\u00e7\u00f5es falsas ou inseridas de m\u00e1-f\u00e9 s\u00e3o de inteira responsabilidade do usu\u00e1rio\/cliente.<\/p>\n<p>Seus dados pessoais ser\u00e3o mantidos durante todo o per\u00edodo que for um cliente ativo da Ultralar. Ap\u00f3s esse per\u00edodo, podemos armazenar os seus dados pessoais por um per\u00edodo adicional para fins de auditoria, para possibilitar o cumprimento de obriga\u00e7\u00f5es legais ou regulat\u00f3rias. Faremos a reten\u00e7\u00e3o dos seus dados pelo prazo necess\u00e1rio, respeitando os prazos estabelecidos na legisla\u00e7\u00e3o aplic\u00e1vel ou at\u00e9 que ocorra a solicita\u00e7\u00e3o de exclus\u00e3o definitiva por sua parte. Neste caso, n\u00f3s cessaremos imediatamente a utiliza\u00e7\u00e3o dos seus dados para fins comerciais, por\u00e9m armazenaremos os seus dados enquanto tenhamos obriga\u00e7\u00f5es legais, tribut\u00e1rias ou judiciais a cumprir com tais dados.<\/p>\n<p>\u00a0<\/p>\n<h2 style=\"text-align: center;\"><strong>DIREITOS DO TITULAR DOS DADOS<\/strong><\/h2>\n<p>A Ultralar Com\u00e9rcio de M\u00f3veis LTDA, inscrito no CNPJ 34.888.545\/0001-06, com sede na Rua Bar\u00e3o do Rio Branco, N\u00ba 1505, Centro, assegura aos seus usu\u00e1rios\/clientes seus direitos previstos no art. 18 da LGDP. Dessa forma, voc\u00ea pode em rela\u00e7\u00e3o aos dados do titular, a qualquer momento e mediante requisi\u00e7\u00e3o:<\/p>\n<p>\u00a0<\/p>\n<p>1.\u00a0\u00a0\u00a0\u00a0\u00a0\u00a0 confirmar a exist\u00eancia de tratamento;<\/p>\n<p>2.\u00a0\u00a0\u00a0\u00a0\u00a0\u00a0 acesso aos dados;<\/p>\n<p>3.\u00a0\u00a0\u00a0\u00a0\u00a0\u00a0 corre\u00e7\u00e3o de dados incompletos, inexatos ou desatualizados;<\/p>\n<p>4.\u00a0\u00a0\u00a0\u00a0\u00a0\u00a0 anonimiza\u00e7\u00e3o, bloqueio ou elimina\u00e7\u00e3o de dados desnecess\u00e1rios, excessivos ou tratados em desconformidade com o disposto nesta Lei;<\/p>\n<p>5.\u00a0\u00a0\u00a0\u00a0\u00a0\u00a0 portabilidade dos dados a outro fornecedor de servi\u00e7o ou produto, mediante requisi\u00e7\u00e3o expressa, de acordo com a regulamenta\u00e7\u00e3o da autoridade nacional, observados os segredos comercial e industrial;<\/p>\n<p>6.\u00a0\u00a0\u00a0\u00a0\u00a0\u00a0 elimina\u00e7\u00e3o dos dados pessoais tratados com o consentimento do titular, exceto nas hip\u00f3teses previstas no art. 16 da LGPD;<\/p>\n<p>7.\u00a0\u00a0\u00a0\u00a0\u00a0\u00a0 informa\u00e7\u00e3o das entidades p\u00fablicas e privadas com as quais o controlador realizou uso compartilhado de dados;<\/p>\n<p>8.\u00a0\u00a0\u00a0\u00a0\u00a0\u00a0 informa\u00e7\u00e3o sobre a possibilidade de n\u00e3o fornecer consentimento e sobre as consequ\u00eancias da negativa;<\/p>\n<p>9.\u00a0\u00a0\u00a0\u00a0\u00a0\u00a0 revoga\u00e7\u00e3o do consentimento, nos termos do \u00a7 5\u00ba do art. 8\u00ba da LGPD.<\/p>\n<p>\u00a0<\/p>\n<h2 style=\"text-align: center;\"><strong>COMO ACESSAR E CONTROLAR SUAS INFORMA\u00c7\u00d5ES PESSOAIS<\/strong><\/h2>\n<p>\u00a0<\/p>\n<p>Voc\u00ea pode solicitar informa\u00e7\u00f5es, altera\u00e7\u00e3o, esclarecimentos ou exclus\u00e3o de seus dados por meio do contato: <span style=\"text-decoration: underline;\"><span style=\"color: #0000ff; text-decoration: underline;\"><a style=\"color: #0000ff; text-decoration: underline;\" href=\"mailto:lgpd@ultralarnet.com.br\">lgpd@ultralarnet.com.br<\/a><\/span><\/span>.<\/p>\n<p>Vamos exercer imediatamente as solicita\u00e7\u00f5es, nos termos da lei de prote\u00e7\u00e3o de dados aplic\u00e1vel.<\/p>\n<p><\/p>\n<h2 class=\"wp-block-heading\">Quem somos<\/h2>\n<p><\/p>\n<p>O endere\u00e7o do nosso site \u00e9: <span style=\"text-decoration: underline;\"><span style=\"color: #0000ff;\"><a style=\"color: #0000ff; text-decoration: underline;\" href=\"https:\/\/ultralarnet.com.br.\">https:\/\/ultralarnet.com.br.<\/a><\/span><\/span><\/p>\n<h2>Cookies<\/h2>\n<p><\/p>\n<p>Ao deixar um coment\u00e1rio no site, voc\u00ea poder\u00e1 optar por salvar seu nome, e-mail e site nos cookies. Isso visa seu conforto, assim voc\u00ea n\u00e3o precisar\u00e1 preencher seus dados novamente quando fizer outro coment\u00e1rio. Estes cookies duram um ano.<\/p>\n<p><\/p>\n<p>Se voc\u00ea tem uma conta e acessa este site, um cookie tempor\u00e1rio ser\u00e1 criado para determinar se seu navegador aceita cookies. Ele n\u00e3o cont\u00e9m nenhum dado pessoal e ser\u00e1 descartado quando voc\u00ea fechar seu navegador.<\/p>\n<p><\/p>\n<p>Quando voc\u00ea acessa sua conta no site, tamb\u00e9m criamos v\u00e1rios cookies para salvar os dados da sua conta e suas escolhas de exibi\u00e7\u00e3o de tela. Cookies de login s\u00e3o mantidos por dois dias e cookies de op\u00e7\u00f5es de tela por um ano. Se voc\u00ea selecionar &#8220;Lembrar-me&#8221;, seu acesso ser\u00e1 mantido por duas semanas. Se voc\u00ea se desconectar da sua conta, os cookies de login ser\u00e3o removidos.<\/p>\n<p><\/p>\n<p>Se voc\u00ea editar ou publicar um artigo, um cookie adicional ser\u00e1 salvo no seu navegador. Este cookie n\u00e3o inclui nenhum dado pessoal e simplesmente indica o ID do post referente ao artigo que voc\u00ea acabou de editar. Ele expira depois de 1 dia.<\/p>\n<p><\/p>\t\t\t\t\t\t\t\t<\/div>\n\t\t\t\t<\/div>\n\t\t\t\t\t<\/div>\n\t\t<\/div>\n\t\t\t\t\t<\/div>\n\t\t<\/section>\n\t\t\t\t<section class=\"elementor-section elementor-top-section elementor-element elementor-element-033aa73 elementor-section-boxed elementor-section-height-default elementor-section-height-default\" data-id=\"033aa73\" data-element_type=\"section\" data-e-type=\"section\">\n\t\t\t\t\t\t<div class=\"elementor-container elementor-column-gap-default\">\n\t\t\t\t\t<div class=\"elementor-column elementor-col-100 elementor-top-column elementor-element elementor-element-8fab784\" data-id=\"8fab784\" data-element_type=\"column\" data-e-type=\"column\">\n\t\t\t<div class=\"elementor-widget-wrap elementor-element-populated\">\n\t\t\t\t\t\t<div class=\"elementor-element elementor-element-72b055f elementor-align-center elementor-invisible elementor-widget elementor-widget-button\" data-id=\"72b055f\" data-element_type=\"widget\" data-e-type=\"widget\" data-settings=\"{&quot;_animation&quot;:&quot;fadeInUp&quot;}\" data-widget_type=\"button.default\">\n\t\t\t\t<div class=\"elementor-widget-container\">\n\t\t\t\t\t\t\t\t\t<div class=\"elementor-button-wrapper\">\n\t\t\t\t\t<a class=\"elementor-button elementor-button-link elementor-size-sm\" href=\"#elementor-action%3Aaction%3Dpopup%3Aopen%26settings%3DeyJpZCI6Ijk4MyIsInRvZ2dsZSI6ZmFsc2V9\">\n\t\t\t\t\t\t<span class=\"elementor-button-content-wrapper\">\n\t\t\t\t\t\t\t\t\t<span class=\"elementor-button-text\">Aceitar<\/span>\n\t\t\t\t\t<\/span>\n\t\t\t\t\t<\/a>\n\t\t\t\t<\/div>\n\t\t\t\t\t\t\t\t<\/div>\n\t\t\t\t<\/div>\n\t\t\t\t\t<\/div>\n\t\t<\/div>\n\t\t\t\t\t<\/div>\n\t\t<\/section>\n\t\t\t\t<\/div>\n\t\t","protected":false},"excerpt":{"rendered":"<p>TERMOS E POL\u00cdTICA DE PRIVACIDADE E CONSENTIMENTO DE ACORDO COM A LEI GERAL DE PROTE\u00c7\u00c3O DE DADOS \u00a0 Ao realizar uma compra ou contratar um servi\u00e7o na Loja Ultralar, voc\u00ea nos fornece alguns dados pessoais com o objetivo de viabilizar a sua opera\u00e7\u00e3o. Prezamos pela seguran\u00e7a dos seus dados, pelo respeito a sua privacidade e [&hellip;]<\/p>\n","protected":false},"author":4,"featured_media":0,"parent":0,"menu_order":0,"comment_status":"closed","ping_status":"closed","template":"","meta":{"_monsterinsights_skip_tracking":false,"_monsterinsights_sitenote_active":false,"_monsterinsights_sitenote_note":"","_monsterinsights_sitenote_category":0,"ocean_post_layout":"","ocean_both_sidebars_style":"","ocean_both_sidebars_content_width":0,"ocean_both_sidebars_sidebars_width":0,"ocean_sidebar":"0","ocean_second_sidebar":"0","ocean_disable_margins":"enable","ocean_add_body_class":"","ocean_shortcode_before_top_bar":"","ocean_shortcode_after_top_bar":"","ocean_shortcode_before_header":"","ocean_shortcode_after_header":"","ocean_has_shortcode":"","ocean_shortcode_after_title":"","ocean_shortcode_before_footer_widgets":"","ocean_shortcode_after_footer_widgets":"","ocean_shortcode_before_footer_bottom":"","ocean_shortcode_after_footer_bottom":"","ocean_display_top_bar":"default","ocean_display_header":"default","ocean_header_style":"","ocean_center_header_left_menu":"0","ocean_custom_header_template":"0","ocean_custom_logo":0,"ocean_custom_retina_logo":0,"ocean_custom_logo_max_width":0,"ocean_custom_logo_tablet_max_width":0,"ocean_custom_logo_mobile_max_width":0,"ocean_custom_logo_max_height":0,"ocean_custom_logo_tablet_max_height":0,"ocean_custom_logo_mobile_max_height":0,"ocean_header_custom_menu":"0","ocean_menu_typo_font_family":"0","ocean_menu_typo_font_subset":"","ocean_menu_typo_font_size":0,"ocean_menu_typo_font_size_tablet":0,"ocean_menu_typo_font_size_mobile":0,"ocean_menu_typo_font_size_unit":"px","ocean_menu_typo_font_weight":"","ocean_menu_typo_font_weight_tablet":"","ocean_menu_typo_font_weight_mobile":"","ocean_menu_typo_transform":"","ocean_menu_typo_transform_tablet":"","ocean_menu_typo_transform_mobile":"","ocean_menu_typo_line_height":0,"ocean_menu_typo_line_height_tablet":0,"ocean_menu_typo_line_height_mobile":0,"ocean_menu_typo_line_height_unit":"","ocean_menu_typo_spacing":0,"ocean_menu_typo_spacing_tablet":0,"ocean_menu_typo_spacing_mobile":0,"ocean_menu_typo_spacing_unit":"","ocean_menu_link_color":"","ocean_menu_link_color_hover":"","ocean_menu_link_color_active":"","ocean_menu_link_background":"","ocean_menu_link_hover_background":"","ocean_menu_link_active_background":"","ocean_menu_social_links_bg":"","ocean_menu_social_hover_links_bg":"","ocean_menu_social_links_color":"","ocean_menu_social_hover_links_color":"","ocean_disable_title":"on","ocean_disable_heading":"default","ocean_post_title":"","ocean_post_subheading":"","ocean_post_title_style":"","ocean_post_title_background_color":"","ocean_post_title_background":0,"ocean_post_title_bg_image_position":"","ocean_post_title_bg_image_attachment":"","ocean_post_title_bg_image_repeat":"","ocean_post_title_bg_image_size":"","ocean_post_title_height":0,"ocean_post_title_bg_overlay":0.5,"ocean_post_title_bg_overlay_color":"","ocean_disable_breadcrumbs":"default","ocean_breadcrumbs_color":"","ocean_breadcrumbs_separator_color":"","ocean_breadcrumbs_links_color":"","ocean_breadcrumbs_links_hover_color":"","ocean_display_footer_widgets":"default","ocean_display_footer_bottom":"default","ocean_custom_footer_template":"0","footnotes":""},"class_list":["post-939","page","type-page","status-publish","hentry","entry","owp-thumbs-layout-horizontal","owp-btn-normal","owp-tabs-layout-horizontal","has-no-thumbnails","has-product-nav"],"_links":{"self":[{"href":"https:\/\/ultralarnet.com.br\/index.php?rest_route=\/wp\/v2\/pages\/939","targetHints":{"allow":["GET"]}}],"collection":[{"href":"https:\/\/ultralarnet.com.br\/index.php?rest_route=\/wp\/v2\/pages"}],"about":[{"href":"https:\/\/ultralarnet.com.br\/index.php?rest_route=\/wp\/v2\/types\/page"}],"author":[{"embeddable":true,"href":"https:\/\/ultralarnet.com.br\/index.php?rest_route=\/wp\/v2\/users\/4"}],"replies":[{"embeddable":true,"href":"https:\/\/ultralarnet.com.br\/index.php?rest_route=%2Fwp%2Fv2%2Fcomments&post=939"}],"version-history":[{"count":52,"href":"https:\/\/ultralarnet.com.br\/index.php?rest_route=\/wp\/v2\/pages\/939\/revisions"}],"predecessor-version":[{"id":1168,"href":"https:\/\/ultralarnet.com.br\/index.php?rest_route=\/wp\/v2\/pages\/939\/revisions\/1168"}],"wp:attachment":[{"href":"https:\/\/ultralarnet.com.br\/index.php?rest_route=%2Fwp%2Fv2%2Fmedia&parent=939"}],"curies":[{"name":"wp","href":"https:\/\/api.w.org\/{rel}","templated":true}]}}